{"id":2937,"date":"2023-12-28T21:48:50","date_gmt":"2023-12-28T21:48:50","guid":{"rendered":"https:\/\/stecla.com.br\/?page_id=2937"},"modified":"2024-02-13T01:54:11","modified_gmt":"2024-02-13T01:54:11","slug":"stecla-news","status":"publish","type":"page","link":"https:\/\/stecla.com.br\/en\/stecla-news\/","title":{"rendered":"Stecla News"},"content":{"rendered":"<div data-elementor-type=\"wp-page\" data-elementor-id=\"2937\" class=\"elementor elementor-2937\" data-elementor-post-type=\"page\">\n\t\t\t\t<div class=\"elementor-element elementor-element-efb7bbf e-flex e-con-boxed e-con e-parent\" data-id=\"efb7bbf\" data-element_type=\"container\" data-e-type=\"container\" data-settings=\"{&quot;background_background&quot;:&quot;classic&quot;}\">\n\t\t\t\t\t<div class=\"e-con-inner\">\n\t\t\t\t<div class=\"elementor-element elementor-element-cc49a16 elementor-widget elementor-widget-heading\" data-id=\"cc49a16\" data-element_type=\"widget\" data-e-type=\"widget\" data-widget_type=\"heading.default\">\n\t\t\t\t<div class=\"elementor-widget-container\">\n\t\t\t\t\t<h1 class=\"elementor-heading-title elementor-size-default\">Stecla News<\/h1>\t\t\t\t<\/div>\n\t\t\t\t<\/div>\n\t\t\t\t<div class=\"elementor-element elementor-element-e194f66 elementor-widget elementor-widget-heading\" data-id=\"e194f66\" data-element_type=\"widget\" data-e-type=\"widget\" data-widget_type=\"heading.default\">\n\t\t\t\t<div class=\"elementor-widget-container\">\n\t\t\t\t\t<p class=\"elementor-heading-title elementor-size-default\">The main news, updates, information, and highlights of the year are here!<\/p>\t\t\t\t<\/div>\n\t\t\t\t<\/div>\n\t\t\t\t\t<\/div>\n\t\t\t\t<\/div>\n\t\t<div class=\"elementor-element elementor-element-2166134 e-flex e-con-boxed e-con e-parent\" data-id=\"2166134\" data-element_type=\"container\" data-e-type=\"container\">\n\t\t\t\t\t<div class=\"e-con-inner\">\n\t\t\t\t<div class=\"elementor-element elementor-element-6a6f7d8 eael-fg-card-content-align-left elementor-widget elementor-widget-eael-filterable-gallery\" data-id=\"6a6f7d8\" data-element_type=\"widget\" data-e-type=\"widget\" data-settings=\"{&quot;photo_gallery&quot;:&quot;yes&quot;}\" data-widget_type=\"eael-filterable-gallery.default\">\n\t\t\t\t<div class=\"elementor-widget-container\">\n\t\t\t\t\t<style id=\"eael-fg-inline-css-6a6f7d8\">@media only screen and (max-width: 2399px) {\n\t\t\t\t\t.elementor-element.elementor-element-6a6f7d8 .eael-filterable-gallery-item-wrap {\n\t\t\t\t\t        width: 33.333333333333%;\n\t\t\t\t\t    }\n\t\t\t\t\t}@media only screen and (max-width: 1024px) {\n\t\t\t\t\t.elementor-element.elementor-element-6a6f7d8  .eael-filterable-gallery-item-wrap {\n\t\t\t\t\t        width: 50%;\n\t\t\t\t\t    }\n\t\t\t\t\t}@media only screen and (max-width: 767px) {\n\t\t\t\t\t.elementor-element.elementor-element-6a6f7d8  .eael-filterable-gallery-item-wrap {\n\t\t\t\t\t        width: 100%;\n\t\t\t\t\t    }\n\t\t\t\t\t}<\/style>        <div id=\"eael-filter-gallery-wrapper-6a6f7d8\" class=\"eael-filter-gallery-wrapper\" data-layout-mode=\"card\" data-breakpoints=\"{&quot;mobile&quot;:{&quot;label&quot;:&quot;M\\u00f3vil vertical&quot;,&quot;value&quot;:767,&quot;default_value&quot;:767,&quot;direction&quot;:&quot;max&quot;,&quot;is_enabled&quot;:true},&quot;mobile_extra&quot;:{&quot;label&quot;:&quot;M\\u00f3vil horizontal&quot;,&quot;value&quot;:880,&quot;default_value&quot;:880,&quot;direction&quot;:&quot;max&quot;,&quot;is_enabled&quot;:false},&quot;tablet&quot;:{&quot;label&quot;:&quot;Tableta vertical&quot;,&quot;value&quot;:1024,&quot;default_value&quot;:1024,&quot;direction&quot;:&quot;max&quot;,&quot;is_enabled&quot;:true},&quot;tablet_extra&quot;:{&quot;label&quot;:&quot;Tableta horizontal&quot;,&quot;value&quot;:1200,&quot;default_value&quot;:1200,&quot;direction&quot;:&quot;max&quot;,&quot;is_enabled&quot;:false},&quot;laptop&quot;:{&quot;label&quot;:&quot;Port\\u00e1til&quot;,&quot;value&quot;:1366,&quot;default_value&quot;:1366,&quot;direction&quot;:&quot;max&quot;,&quot;is_enabled&quot;:false},&quot;widescreen&quot;:{&quot;label&quot;:&quot;Pantalla grande&quot;,&quot;value&quot;:2400,&quot;default_value&quot;:2400,&quot;direction&quot;:&quot;min&quot;,&quot;is_enabled&quot;:false}}\" data-default_control_key=\"0\" data-custom_default_control=\"\">\n                        <div class=\"eael-filter-gallery-control\">\n                <ul><li data-load-more-status=\"0\" data-first-init=\"1\" class=\"control all-control  active\" data-filter=\"*\">All<\/li><li  data-load-more-status=\"0\" data-first-init=\"0\"\n                        class=\"control\" data-filter=\".eael-cf-2023\">2023<\/li><\/ul>\n            <\/div>\n                    <div class=\"eael-filter-gallery-container eael-filter-gallery-grid\" data-images-per-page=\"\" data-total-gallery-items=\"5\" data-nomore-item-text=\"\" data-is-randomize=\"no\" data-settings=\"{&quot;grid_style&quot;:&quot;grid&quot;,&quot;popup&quot;:&quot;buttons&quot;,&quot;duration&quot;:500,&quot;gallery_enabled&quot;:&quot;yes&quot;,&quot;video_gallery_yt_privacy&quot;:&quot;&quot;,&quot;control_all_text&quot;:&quot;Todos&quot;,&quot;mobile_scroll_to_top&quot;:&quot;&quot;,&quot;mobile_scroll_offset&quot;:0,&quot;post_id&quot;:2937,&quot;widget_id&quot;:&quot;6a6f7d8&quot;}\" data-search-all=\"\" data-gallery-items=\"WyI8ZGl2IGNsYXNzPVwiZWFlbC1maWx0ZXJhYmxlLWdhbGxlcnktaXRlbS13cmFwIGVhZWwtY2YtMjAyM1wiPlxuXHRcdFx0XHQ8ZGl2IGNsYXNzPVwiZWFlbC1nYWxsZXJ5LWdyaWQtaXRlbVwiPjxkaXYgY2xhc3M9XCJnYWxsZXJ5LWl0ZW0tdGh1bWJuYWlsLXdyYXBcIj48aW1nIHdpZHRoPVwiMjEyXCIgaGVpZ2h0PVwiMzAwXCIgc3JjPVwiaHR0cHM6XC9cL3N0ZWNsYS5jb20uYnJcL3dwLWNvbnRlbnRcL3VwbG9hZHNcLzIwMjRcLzAyXC9TdGVjbGEtTmV3c19lZGljYW8tMDEtMjEyeDMwMC5qcGdcIiBjbGFzcz1cImF0dGFjaG1lbnQtbWVkaXVtIHNpemUtbWVkaXVtIHdwLWltYWdlLTQxOTNcIiBhbHQ9XCJcIiBzcmNzZXQ9XCJodHRwczpcL1wvc3RlY2xhLmNvbS5iclwvd3AtY29udGVudFwvdXBsb2Fkc1wvMjAyNFwvMDJcL1N0ZWNsYS1OZXdzX2VkaWNhby0wMS0yMTJ4MzAwLmpwZyAyMTJ3LCBodHRwczpcL1wvc3RlY2xhLmNvbS5iclwvd3AtY29udGVudFwvdXBsb2Fkc1wvMjAyNFwvMDJcL1N0ZWNsYS1OZXdzX2VkaWNhby0wMS03MjR4MTAyNC5qcGcgNzI0dywgaHR0cHM6XC9cL3N0ZWNsYS5jb20uYnJcL3dwLWNvbnRlbnRcL3VwbG9hZHNcLzIwMjRcLzAyXC9TdGVjbGEtTmV3c19lZGljYW8tMDEtNzY4eDEwODYuanBnIDc2OHcsIGh0dHBzOlwvXC9zdGVjbGEuY29tLmJyXC93cC1jb250ZW50XC91cGxvYWRzXC8yMDI0XC8wMlwvU3RlY2xhLU5ld3NfZWRpY2FvLTAxLmpwZyAxMDgwd1wiIHNpemVzPVwiKG1heC13aWR0aDogMjEycHgpIDEwMHZ3LCAyMTJweFwiIFwvPjxkaXYgY2xhc3M9XCJnYWxsZXJ5LWl0ZW0tY2FwdGlvbi13cmFwIGNhcmQtaG92ZXItYmcgY2FwdGlvbi1zdHlsZS1ob3ZlcmVyIFwiPlxuICAgICAgICAgICAgICAgICAgICAgICAgICAgIDxkaXYgY2xhc3M9XCJnYWxsZXJ5LWl0ZW0tYnV0dG9uc1wiPjxhIGFyZWEtaGlkZGVuPVwidHJ1ZVwiIGFyaWEtbGFiZWw9XCJlYWVsLW1hZ25pZmljLWxpbmtcIiBocmVmPVwiaHR0cHM6XC9cL3N0ZWNsYS5jb20uYnJcL3dwLWNvbnRlbnRcL3VwbG9hZHNcLzIwMjRcLzAyXC9TdGVjbGEtTmV3c19lZGljYW8tMDEuanBnXCIgY2xhc3M9XCJlYWVsLW1hZ25pZmljLWxpbmsgZWFlbC1tYWduaWZpYy1saW5rLWNsb25lIGFjdGl2ZVwiIGRhdGEtZWxlbWVudG9yLW9wZW4tbGlnaHRib3g9XCJ5ZXNcIiB0aXRsZT1cIlwiPjxzcGFuIGNsYXNzPVwiZmctaXRlbS1pY29uLWlubmVyXCI+PGkgY2xhc3M9XCJmYXMgZmEtc2VhcmNoLXBsdXNcIiBhcmlhLWhpZGRlbj1cInRydWVcIj48XC9pPjxcL3NwYW4+XG4gICAgICAgICAgICA8XC9hPjxcL2Rpdj5cbiAgICAgICAgICAgICAgICAgICAgICAgIDxcL2Rpdj48XC9kaXY+PGRpdiBjbGFzcz1cImdhbGxlcnktaXRlbS1jYXB0aW9uLXdyYXAgY2FwdGlvbi1zdHlsZS1jYXJkIFwiPjxkaXYgY2xhc3M9XCJnYWxsZXJ5LWl0ZW0tY2FwdGlvbi1vdmVyXCI+PGgyIGNsYXNzPVwiZmctaXRlbS10aXRsZVwiPkVkaVx1MDBlN1x1MDBlM28gMDAxIHwgRmV2ZXJlaXJvIDIwMjM8XC9oMj48ZGl2IGNsYXNzPVwiZmctaXRlbS1jb250ZW50XCI+PHA+UGFyYSBlc3RhIHByaW1laXJhIGVkaVx1MDBlN1x1MDBlM28sIG8gZGVzdGFxdWUgXHUwMGU5IHVtYSBwYXJjZXJpYSBxdWUgbm9zIGVuY2hlIGRlIG9yZ3VsaG86IEJvdGljXHUwMGUxcmlvICZhbXA7IFN0ZWNsYS48XC9wPlxuPFwvZGl2PjxcL2Rpdj48XC9kaXY+PFwvZGl2PjxcL2Rpdj4iLCI8ZGl2IGNsYXNzPVwiZWFlbC1maWx0ZXJhYmxlLWdhbGxlcnktaXRlbS13cmFwIGVhZWwtY2YtMjAyM1wiPlxuXHRcdFx0XHQ8ZGl2IGNsYXNzPVwiZWFlbC1nYWxsZXJ5LWdyaWQtaXRlbVwiPjxkaXYgY2xhc3M9XCJnYWxsZXJ5LWl0ZW0tdGh1bWJuYWlsLXdyYXBcIj48aW1nIHdpZHRoPVwiMjEyXCIgaGVpZ2h0PVwiMzAwXCIgc3JjPVwiaHR0cHM6XC9cL3N0ZWNsYS5jb20uYnJcL3dwLWNvbnRlbnRcL3VwbG9hZHNcLzIwMjRcLzAyXC9TdGVjbGEtTmV3c19lZGljYW8tMDItMjEyeDMwMC5qcGdcIiBjbGFzcz1cImF0dGFjaG1lbnQtbWVkaXVtIHNpemUtbWVkaXVtIHdwLWltYWdlLTQxOTRcIiBhbHQ9XCJcIiBzcmNzZXQ9XCJodHRwczpcL1wvc3RlY2xhLmNvbS5iclwvd3AtY29udGVudFwvdXBsb2Fkc1wvMjAyNFwvMDJcL1N0ZWNsYS1OZXdzX2VkaWNhby0wMi0yMTJ4MzAwLmpwZyAyMTJ3LCBodHRwczpcL1wvc3RlY2xhLmNvbS5iclwvd3AtY29udGVudFwvdXBsb2Fkc1wvMjAyNFwvMDJcL1N0ZWNsYS1OZXdzX2VkaWNhby0wMi03MjR4MTAyNC5qcGcgNzI0dywgaHR0cHM6XC9cL3N0ZWNsYS5jb20uYnJcL3dwLWNvbnRlbnRcL3VwbG9hZHNcLzIwMjRcLzAyXC9TdGVjbGEtTmV3c19lZGljYW8tMDItNzY4eDEwODYuanBnIDc2OHcsIGh0dHBzOlwvXC9zdGVjbGEuY29tLmJyXC93cC1jb250ZW50XC91cGxvYWRzXC8yMDI0XC8wMlwvU3RlY2xhLU5ld3NfZWRpY2FvLTAyLmpwZyAxMDgwd1wiIHNpemVzPVwiKG1heC13aWR0aDogMjEycHgpIDEwMHZ3LCAyMTJweFwiIFwvPjxkaXYgY2xhc3M9XCJnYWxsZXJ5LWl0ZW0tY2FwdGlvbi13cmFwIGNhcmQtaG92ZXItYmcgY2FwdGlvbi1zdHlsZS1ob3ZlcmVyIFwiPlxuICAgICAgICAgICAgICAgICAgICAgICAgICAgIDxkaXYgY2xhc3M9XCJnYWxsZXJ5LWl0ZW0tYnV0dG9uc1wiPjxhIGFyZWEtaGlkZGVuPVwidHJ1ZVwiIGFyaWEtbGFiZWw9XCJlYWVsLW1hZ25pZmljLWxpbmtcIiBocmVmPVwiaHR0cHM6XC9cL3N0ZWNsYS5jb20uYnJcL3dwLWNvbnRlbnRcL3VwbG9hZHNcLzIwMjRcLzAyXC9TdGVjbGEtTmV3c19lZGljYW8tMDIuanBnXCIgY2xhc3M9XCJlYWVsLW1hZ25pZmljLWxpbmsgZWFlbC1tYWduaWZpYy1saW5rLWNsb25lIGFjdGl2ZVwiIGRhdGEtZWxlbWVudG9yLW9wZW4tbGlnaHRib3g9XCJ5ZXNcIiB0aXRsZT1cIlwiPjxzcGFuIGNsYXNzPVwiZmctaXRlbS1pY29uLWlubmVyXCI+PGkgY2xhc3M9XCJmYXMgZmEtc2VhcmNoLXBsdXNcIiBhcmlhLWhpZGRlbj1cInRydWVcIj48XC9pPjxcL3NwYW4+XG4gICAgICAgICAgICA8XC9hPjxcL2Rpdj5cbiAgICAgICAgICAgICAgICAgICAgICAgIDxcL2Rpdj48XC9kaXY+PGRpdiBjbGFzcz1cImdhbGxlcnktaXRlbS1jYXB0aW9uLXdyYXAgY2FwdGlvbi1zdHlsZS1jYXJkIFwiPjxkaXYgY2xhc3M9XCJnYWxsZXJ5LWl0ZW0tY2FwdGlvbi1vdmVyXCI+PGgyIGNsYXNzPVwiZmctaXRlbS10aXRsZVwiPkVkaVx1MDBlN1x1MDBlM28gMDAyIHwgQWJyaWwgMjAyMzxcL2gyPjxkaXYgY2xhc3M9XCJmZy1pdGVtLWNvbnRlbnRcIj48cD5OZXN0YSBlZGlcdTAwZTdcdTAwZTNvLCBkZXN0YWNhbW9zIG5vc3NhIHBhcmNlcmlhIGNvbSB1bWEgZ3JhbmRlIGVtcHJlc2EgZG8gc2V0b3IgYXV0b21vYmlsXHUwMGVkc3RpY28sIGEgVm9sdm8uPFwvcD5cbjxcL2Rpdj48XC9kaXY+PFwvZGl2PjxcL2Rpdj48XC9kaXY+IiwiPGRpdiBjbGFzcz1cImVhZWwtZmlsdGVyYWJsZS1nYWxsZXJ5LWl0ZW0td3JhcCBlYWVsLWNmLTIwMjNcIj5cblx0XHRcdFx0PGRpdiBjbGFzcz1cImVhZWwtZ2FsbGVyeS1ncmlkLWl0ZW1cIj48ZGl2IGNsYXNzPVwiZ2FsbGVyeS1pdGVtLXRodW1ibmFpbC13cmFwXCI+PGltZyB3aWR0aD1cIjIxMlwiIGhlaWdodD1cIjMwMFwiIHNyYz1cImh0dHBzOlwvXC9zdGVjbGEuY29tLmJyXC93cC1jb250ZW50XC91cGxvYWRzXC8yMDI0XC8wMlwvU3RlY2xhLU5ld3NfZWRpY2FvLTAzLTIxMngzMDAuanBnXCIgY2xhc3M9XCJhdHRhY2htZW50LW1lZGl1bSBzaXplLW1lZGl1bSB3cC1pbWFnZS00MTk1XCIgYWx0PVwiXCIgc3Jjc2V0PVwiaHR0cHM6XC9cL3N0ZWNsYS5jb20uYnJcL3dwLWNvbnRlbnRcL3VwbG9hZHNcLzIwMjRcLzAyXC9TdGVjbGEtTmV3c19lZGljYW8tMDMtMjEyeDMwMC5qcGcgMjEydywgaHR0cHM6XC9cL3N0ZWNsYS5jb20uYnJcL3dwLWNvbnRlbnRcL3VwbG9hZHNcLzIwMjRcLzAyXC9TdGVjbGEtTmV3c19lZGljYW8tMDMtNzI0eDEwMjQuanBnIDcyNHcsIGh0dHBzOlwvXC9zdGVjbGEuY29tLmJyXC93cC1jb250ZW50XC91cGxvYWRzXC8yMDI0XC8wMlwvU3RlY2xhLU5ld3NfZWRpY2FvLTAzLTc2OHgxMDg2LmpwZyA3Njh3LCBodHRwczpcL1wvc3RlY2xhLmNvbS5iclwvd3AtY29udGVudFwvdXBsb2Fkc1wvMjAyNFwvMDJcL1N0ZWNsYS1OZXdzX2VkaWNhby0wMy5qcGcgMTA4MHdcIiBzaXplcz1cIihtYXgtd2lkdGg6IDIxMnB4KSAxMDB2dywgMjEycHhcIiBcLz48ZGl2IGNsYXNzPVwiZ2FsbGVyeS1pdGVtLWNhcHRpb24td3JhcCBjYXJkLWhvdmVyLWJnIGNhcHRpb24tc3R5bGUtaG92ZXJlciBcIj5cbiAgICAgICAgICAgICAgICAgICAgICAgICAgICA8ZGl2IGNsYXNzPVwiZ2FsbGVyeS1pdGVtLWJ1dHRvbnNcIj48YSBhcmVhLWhpZGRlbj1cInRydWVcIiBhcmlhLWxhYmVsPVwiZWFlbC1tYWduaWZpYy1saW5rXCIgaHJlZj1cImh0dHBzOlwvXC9zdGVjbGEuY29tLmJyXC93cC1jb250ZW50XC91cGxvYWRzXC8yMDI0XC8wMlwvU3RlY2xhLU5ld3NfZWRpY2FvLTAzLmpwZ1wiIGNsYXNzPVwiZWFlbC1tYWduaWZpYy1saW5rIGVhZWwtbWFnbmlmaWMtbGluay1jbG9uZSBhY3RpdmVcIiBkYXRhLWVsZW1lbnRvci1vcGVuLWxpZ2h0Ym94PVwieWVzXCIgdGl0bGU9XCJcIj48c3BhbiBjbGFzcz1cImZnLWl0ZW0taWNvbi1pbm5lclwiPjxpIGNsYXNzPVwiZmFzIGZhLXNlYXJjaC1wbHVzXCIgYXJpYS1oaWRkZW49XCJ0cnVlXCI+PFwvaT48XC9zcGFuPlxuICAgICAgICAgICAgPFwvYT48XC9kaXY+XG4gICAgICAgICAgICAgICAgICAgICAgICA8XC9kaXY+PFwvZGl2PjxkaXYgY2xhc3M9XCJnYWxsZXJ5LWl0ZW0tY2FwdGlvbi13cmFwIGNhcHRpb24tc3R5bGUtY2FyZCBcIj48ZGl2IGNsYXNzPVwiZ2FsbGVyeS1pdGVtLWNhcHRpb24tb3ZlclwiPjxoMiBjbGFzcz1cImZnLWl0ZW0tdGl0bGVcIj5FZGlcdTAwZTdcdTAwZTNvIDAwMyB8IEFicmlsIDIwMjM8XC9oMj48ZGl2IGNsYXNzPVwiZmctaXRlbS1jb250ZW50XCI+PHA+TmVzdGEgZWRpXHUwMGU3XHUwMGUzbywgdm9jXHUwMGVhIHZhaSB2ZXIgYWxndW5zIGRlc3RhcXVlcyBkYSB2aWFnZW0gcXVlIG8gbm9zc28gc1x1MDBmM2NpbywgTWFyY29zIEZ1cnVrYXdhLCBmZXogcmVjZW50ZW1lbnRlIGFvIEphcFx1MDBlM28uPFwvcD5cbjxcL2Rpdj48XC9kaXY+PFwvZGl2PjxcL2Rpdj48XC9kaXY+IiwiPGRpdiBjbGFzcz1cImVhZWwtZmlsdGVyYWJsZS1nYWxsZXJ5LWl0ZW0td3JhcCBlYWVsLWNmLTIwMjNcIj5cblx0XHRcdFx0PGRpdiBjbGFzcz1cImVhZWwtZ2FsbGVyeS1ncmlkLWl0ZW1cIj48ZGl2IGNsYXNzPVwiZ2FsbGVyeS1pdGVtLXRodW1ibmFpbC13cmFwXCI+PGltZyB3aWR0aD1cIjIxMlwiIGhlaWdodD1cIjMwMFwiIHNyYz1cImh0dHBzOlwvXC9zdGVjbGEuY29tLmJyXC93cC1jb250ZW50XC91cGxvYWRzXC8yMDI0XC8wMlwvU3RlY2xhLU5ld3NfZWRpY2FvLTA0LTIxMngzMDAuanBnXCIgY2xhc3M9XCJhdHRhY2htZW50LW1lZGl1bSBzaXplLW1lZGl1bSB3cC1pbWFnZS00MTk2XCIgYWx0PVwiXCIgc3Jjc2V0PVwiaHR0cHM6XC9cL3N0ZWNsYS5jb20uYnJcL3dwLWNvbnRlbnRcL3VwbG9hZHNcLzIwMjRcLzAyXC9TdGVjbGEtTmV3c19lZGljYW8tMDQtMjEyeDMwMC5qcGcgMjEydywgaHR0cHM6XC9cL3N0ZWNsYS5jb20uYnJcL3dwLWNvbnRlbnRcL3VwbG9hZHNcLzIwMjRcLzAyXC9TdGVjbGEtTmV3c19lZGljYW8tMDQtNzI0eDEwMjQuanBnIDcyNHcsIGh0dHBzOlwvXC9zdGVjbGEuY29tLmJyXC93cC1jb250ZW50XC91cGxvYWRzXC8yMDI0XC8wMlwvU3RlY2xhLU5ld3NfZWRpY2FvLTA0LTc2OHgxMDg2LmpwZyA3Njh3LCBodHRwczpcL1wvc3RlY2xhLmNvbS5iclwvd3AtY29udGVudFwvdXBsb2Fkc1wvMjAyNFwvMDJcL1N0ZWNsYS1OZXdzX2VkaWNhby0wNC5qcGcgMTA4MHdcIiBzaXplcz1cIihtYXgtd2lkdGg6IDIxMnB4KSAxMDB2dywgMjEycHhcIiBcLz48ZGl2IGNsYXNzPVwiZ2FsbGVyeS1pdGVtLWNhcHRpb24td3JhcCBjYXJkLWhvdmVyLWJnIGNhcHRpb24tc3R5bGUtaG92ZXJlciBcIj5cbiAgICAgICAgICAgICAgICAgICAgICAgICAgICA8ZGl2IGNsYXNzPVwiZ2FsbGVyeS1pdGVtLWJ1dHRvbnNcIj48YSBhcmVhLWhpZGRlbj1cInRydWVcIiBhcmlhLWxhYmVsPVwiZWFlbC1tYWduaWZpYy1saW5rXCIgaHJlZj1cImh0dHBzOlwvXC9zdGVjbGEuY29tLmJyXC93cC1jb250ZW50XC91cGxvYWRzXC8yMDI0XC8wMlwvU3RlY2xhLU5ld3NfZWRpY2FvLTA0LmpwZ1wiIGNsYXNzPVwiZWFlbC1tYWduaWZpYy1saW5rIGVhZWwtbWFnbmlmaWMtbGluay1jbG9uZSBhY3RpdmVcIiBkYXRhLWVsZW1lbnRvci1vcGVuLWxpZ2h0Ym94PVwieWVzXCIgdGl0bGU9XCJcIj48c3BhbiBjbGFzcz1cImZnLWl0ZW0taWNvbi1pbm5lclwiPjxpIGNsYXNzPVwiZmFzIGZhLXNlYXJjaC1wbHVzXCIgYXJpYS1oaWRkZW49XCJ0cnVlXCI+PFwvaT48XC9zcGFuPlxuICAgICAgICAgICAgPFwvYT48XC9kaXY+XG4gICAgICAgICAgICAgICAgICAgICAgICA8XC9kaXY+PFwvZGl2PjxkaXYgY2xhc3M9XCJnYWxsZXJ5LWl0ZW0tY2FwdGlvbi13cmFwIGNhcHRpb24tc3R5bGUtY2FyZCBcIj48ZGl2IGNsYXNzPVwiZ2FsbGVyeS1pdGVtLWNhcHRpb24tb3ZlclwiPjxoMiBjbGFzcz1cImZnLWl0ZW0tdGl0bGVcIj5FZGlcdTAwZTdcdTAwZTNvIDAwNCB8IEp1bmhvIDIwMjM8XC9oMj48ZGl2IGNsYXNzPVwiZmctaXRlbS1jb250ZW50XCI+PHA+TmVzdGEgZWRpXHUwMGU3XHUwMGUzbywgdm9jXHUwMGVhIHZhaSB2ZXIgY29tbyB0ZW1vcyBpbmNvcnBvcmFkbyBvIGNvbmNlaXRvIGRlIHdlbGxiZWluZyBlbSBub3NzYSBjdWx0dXJhIG9yZ2FuaXphY2lvbmFsLjxcL3A+XG48XC9kaXY+PFwvZGl2PjxcL2Rpdj48XC9kaXY+PFwvZGl2PiIsIjxkaXYgY2xhc3M9XCJlYWVsLWZpbHRlcmFibGUtZ2FsbGVyeS1pdGVtLXdyYXAgZWFlbC1jZi0yMDIzXCI+XG5cdFx0XHRcdDxkaXYgY2xhc3M9XCJlYWVsLWdhbGxlcnktZ3JpZC1pdGVtXCI+PGRpdiBjbGFzcz1cImdhbGxlcnktaXRlbS10aHVtYm5haWwtd3JhcFwiPjxpbWcgd2lkdGg9XCIyMTJcIiBoZWlnaHQ9XCIzMDBcIiBzcmM9XCJodHRwczpcL1wvc3RlY2xhLmNvbS5iclwvd3AtY29udGVudFwvdXBsb2Fkc1wvMjAyNFwvMDJcL1N0ZWNsYS1OZXdzX2VkaWNhby0wNS0yMTJ4MzAwLmpwZ1wiIGNsYXNzPVwiYXR0YWNobWVudC1tZWRpdW0gc2l6ZS1tZWRpdW0gd3AtaW1hZ2UtNDE5N1wiIGFsdD1cIlwiIHNyY3NldD1cImh0dHBzOlwvXC9zdGVjbGEuY29tLmJyXC93cC1jb250ZW50XC91cGxvYWRzXC8yMDI0XC8wMlwvU3RlY2xhLU5ld3NfZWRpY2FvLTA1LTIxMngzMDAuanBnIDIxMncsIGh0dHBzOlwvXC9zdGVjbGEuY29tLmJyXC93cC1jb250ZW50XC91cGxvYWRzXC8yMDI0XC8wMlwvU3RlY2xhLU5ld3NfZWRpY2FvLTA1LTcyNHgxMDI0LmpwZyA3MjR3LCBodHRwczpcL1wvc3RlY2xhLmNvbS5iclwvd3AtY29udGVudFwvdXBsb2Fkc1wvMjAyNFwvMDJcL1N0ZWNsYS1OZXdzX2VkaWNhby0wNS03Njh4MTA4Ni5qcGcgNzY4dywgaHR0cHM6XC9cL3N0ZWNsYS5jb20uYnJcL3dwLWNvbnRlbnRcL3VwbG9hZHNcLzIwMjRcLzAyXC9TdGVjbGEtTmV3c19lZGljYW8tMDUuanBnIDEwODB3XCIgc2l6ZXM9XCIobWF4LXdpZHRoOiAyMTJweCkgMTAwdncsIDIxMnB4XCIgXC8+PGRpdiBjbGFzcz1cImdhbGxlcnktaXRlbS1jYXB0aW9uLXdyYXAgY2FyZC1ob3Zlci1iZyBjYXB0aW9uLXN0eWxlLWhvdmVyZXIgXCI+XG4gICAgICAgICAgICAgICAgICAgICAgICAgICAgPGRpdiBjbGFzcz1cImdhbGxlcnktaXRlbS1idXR0b25zXCI+PGEgYXJlYS1oaWRkZW49XCJ0cnVlXCIgYXJpYS1sYWJlbD1cImVhZWwtbWFnbmlmaWMtbGlua1wiIGhyZWY9XCJodHRwczpcL1wvc3RlY2xhLmNvbS5iclwvd3AtY29udGVudFwvdXBsb2Fkc1wvMjAyNFwvMDJcL1N0ZWNsYS1OZXdzX2VkaWNhby0wNS5qcGdcIiBjbGFzcz1cImVhZWwtbWFnbmlmaWMtbGluayBlYWVsLW1hZ25pZmljLWxpbmstY2xvbmUgYWN0aXZlXCIgZGF0YS1lbGVtZW50b3Itb3Blbi1saWdodGJveD1cInllc1wiIHRpdGxlPVwiXCI+PHNwYW4gY2xhc3M9XCJmZy1pdGVtLWljb24taW5uZXJcIj48aSBjbGFzcz1cImZhcyBmYS1zZWFyY2gtcGx1c1wiIGFyaWEtaGlkZGVuPVwidHJ1ZVwiPjxcL2k+PFwvc3Bhbj5cbiAgICAgICAgICAgIDxcL2E+PFwvZGl2PlxuICAgICAgICAgICAgICAgICAgICAgICAgPFwvZGl2PjxcL2Rpdj48ZGl2IGNsYXNzPVwiZ2FsbGVyeS1pdGVtLWNhcHRpb24td3JhcCBjYXB0aW9uLXN0eWxlLWNhcmQgXCI+PGRpdiBjbGFzcz1cImdhbGxlcnktaXRlbS1jYXB0aW9uLW92ZXJcIj48aDIgY2xhc3M9XCJmZy1pdGVtLXRpdGxlXCI+RWRpXHUwMGU3XHUwMGUzbyAwMDUgfCBTZXRlbWJybyAyMDIzPFwvaDI+PGRpdiBjbGFzcz1cImZnLWl0ZW0tY29udGVudFwiPjxwPk5lc3RhIGVkaVx1MDBlN1x1MDBlM28sIHZvY1x1MDBlYSB2YWkgYXByZW5kZXIgYWxndW1hcyBlc3RyYXRcdTAwZTlnaWFzIHBhcmEgcHJhdGljYXIgdW1hIGJvYSBzYVx1MDBmYWRlIG1lbnRhbCB0b2RvcyBvcyBkaWFzIGUgdmFpIGNvbmhlY2VyIGFsZ3VucyBzcG9pbGVycyBkZSBkdWFzIGNvbmNvcnJcdTAwZWFuY2lhcyBxdWUgZ2FuaGFtb3MuPFwvcD5cbjxcL2Rpdj48XC9kaXY+PFwvZGl2PjxcL2Rpdj48XC9kaXY+Il0=\" data-init-show=\"12\">\n            <div class=\"eael-filterable-gallery-item-wrap eael-cf-2023\">\n\t\t\t\t<div class=\"eael-gallery-grid-item\"><div class=\"gallery-item-thumbnail-wrap\"><img fetchpriority=\"high\" decoding=\"async\" width=\"212\" height=\"300\" src=\"https:\/\/stecla.com.br\/wp-content\/uploads\/2024\/02\/Stecla-News_edicao-01-212x300.jpg\" class=\"attachment-medium size-medium wp-image-4193\" alt=\"\" srcset=\"https:\/\/stecla.com.br\/wp-content\/uploads\/2024\/02\/Stecla-News_edicao-01-212x300.jpg 212w, https:\/\/stecla.com.br\/wp-content\/uploads\/2024\/02\/Stecla-News_edicao-01-724x1024.jpg 724w, https:\/\/stecla.com.br\/wp-content\/uploads\/2024\/02\/Stecla-News_edicao-01-768x1086.jpg 768w, https:\/\/stecla.com.br\/wp-content\/uploads\/2024\/02\/Stecla-News_edicao-01.jpg 1080w\" sizes=\"(max-width: 212px) 100vw, 212px\" \/><div class=\"gallery-item-caption-wrap card-hover-bg caption-style-hoverer\">\n                            <div class=\"gallery-item-buttons\"><a area-hidden=\"true\" aria-label=\"eael-magnific-link\" href=\"https:\/\/stecla.com.br\/wp-content\/uploads\/2024\/02\/Stecla-News_edicao-01.jpg\" class=\"eael-magnific-link eael-magnific-link-clone active\" data-elementor-open-lightbox=\"yes\" title=\"\"><span class=\"fg-item-icon-inner\"><i class=\"fas fa-search-plus\" aria-hidden=\"true\"><\/i><\/span>\n            <\/a><\/div>\n                        <\/div><\/div><div class=\"gallery-item-caption-wrap caption-style-card\"><div class=\"gallery-item-caption-over\"><h2 class=\"fg-item-title\">Edition 001 | February 2023<\/h2><div class=\"fg-item-content\"><p>For this first edition, the highlight is a partnership that fills us with pride: Botic\u00e1rio &amp; Stecla.<\/p>\n<\/div><\/div><\/div><\/div><\/div><div class=\"eael-filterable-gallery-item-wrap eael-cf-2023\">\n\t\t\t\t<div class=\"eael-gallery-grid-item\"><div class=\"gallery-item-thumbnail-wrap\"><img decoding=\"async\" width=\"212\" height=\"300\" src=\"https:\/\/stecla.com.br\/wp-content\/uploads\/2024\/02\/Stecla-News_edicao-02-212x300.jpg\" class=\"attachment-medium size-medium wp-image-4194\" alt=\"\" srcset=\"https:\/\/stecla.com.br\/wp-content\/uploads\/2024\/02\/Stecla-News_edicao-02-212x300.jpg 212w, https:\/\/stecla.com.br\/wp-content\/uploads\/2024\/02\/Stecla-News_edicao-02-724x1024.jpg 724w, https:\/\/stecla.com.br\/wp-content\/uploads\/2024\/02\/Stecla-News_edicao-02-768x1086.jpg 768w, https:\/\/stecla.com.br\/wp-content\/uploads\/2024\/02\/Stecla-News_edicao-02.jpg 1080w\" sizes=\"(max-width: 212px) 100vw, 212px\" \/><div class=\"gallery-item-caption-wrap card-hover-bg caption-style-hoverer\">\n                            <div class=\"gallery-item-buttons\"><a area-hidden=\"true\" aria-label=\"eael-magnific-link\" href=\"https:\/\/stecla.com.br\/wp-content\/uploads\/2024\/02\/Stecla-News_edicao-02.jpg\" class=\"eael-magnific-link eael-magnific-link-clone active\" data-elementor-open-lightbox=\"yes\" title=\"\"><span class=\"fg-item-icon-inner\"><i class=\"fas fa-search-plus\" aria-hidden=\"true\"><\/i><\/span>\n            <\/a><\/div>\n                        <\/div><\/div><div class=\"gallery-item-caption-wrap caption-style-card\"><div class=\"gallery-item-caption-over\"><h2 class=\"fg-item-title\">Edition 002 | April 2023<\/h2><div class=\"fg-item-content\"><p>In this issue, we highlight our partnership with a major automotive company, Volvo.<\/p>\n<\/div><\/div><\/div><\/div><\/div><div class=\"eael-filterable-gallery-item-wrap eael-cf-2023\">\n\t\t\t\t<div class=\"eael-gallery-grid-item\"><div class=\"gallery-item-thumbnail-wrap\"><img decoding=\"async\" width=\"212\" height=\"300\" src=\"https:\/\/stecla.com.br\/wp-content\/uploads\/2024\/02\/Stecla-News_edicao-03-212x300.jpg\" class=\"attachment-medium size-medium wp-image-4195\" alt=\"\" srcset=\"https:\/\/stecla.com.br\/wp-content\/uploads\/2024\/02\/Stecla-News_edicao-03-212x300.jpg 212w, https:\/\/stecla.com.br\/wp-content\/uploads\/2024\/02\/Stecla-News_edicao-03-724x1024.jpg 724w, https:\/\/stecla.com.br\/wp-content\/uploads\/2024\/02\/Stecla-News_edicao-03-768x1086.jpg 768w, https:\/\/stecla.com.br\/wp-content\/uploads\/2024\/02\/Stecla-News_edicao-03.jpg 1080w\" sizes=\"(max-width: 212px) 100vw, 212px\" \/><div class=\"gallery-item-caption-wrap card-hover-bg caption-style-hoverer\">\n                            <div class=\"gallery-item-buttons\"><a area-hidden=\"true\" aria-label=\"eael-magnific-link\" href=\"https:\/\/stecla.com.br\/wp-content\/uploads\/2024\/02\/Stecla-News_edicao-03.jpg\" class=\"eael-magnific-link eael-magnific-link-clone active\" data-elementor-open-lightbox=\"yes\" title=\"\"><span class=\"fg-item-icon-inner\"><i class=\"fas fa-search-plus\" aria-hidden=\"true\"><\/i><\/span>\n            <\/a><\/div>\n                        <\/div><\/div><div class=\"gallery-item-caption-wrap caption-style-card\"><div class=\"gallery-item-caption-over\"><h2 class=\"fg-item-title\">Edition 003 | April 2023<\/h2><div class=\"fg-item-content\"><p>In this issue, you'll see some highlights from our partner Marcos Furukawa's recent trip to Japan.<\/p>\n<\/div><\/div><\/div><\/div><\/div><div class=\"eael-filterable-gallery-item-wrap eael-cf-2023\">\n\t\t\t\t<div class=\"eael-gallery-grid-item\"><div class=\"gallery-item-thumbnail-wrap\"><img loading=\"lazy\" decoding=\"async\" width=\"212\" height=\"300\" src=\"https:\/\/stecla.com.br\/wp-content\/uploads\/2024\/02\/Stecla-News_edicao-04-212x300.jpg\" class=\"attachment-medium size-medium wp-image-4196\" alt=\"\" srcset=\"https:\/\/stecla.com.br\/wp-content\/uploads\/2024\/02\/Stecla-News_edicao-04-212x300.jpg 212w, https:\/\/stecla.com.br\/wp-content\/uploads\/2024\/02\/Stecla-News_edicao-04-724x1024.jpg 724w, https:\/\/stecla.com.br\/wp-content\/uploads\/2024\/02\/Stecla-News_edicao-04-768x1086.jpg 768w, https:\/\/stecla.com.br\/wp-content\/uploads\/2024\/02\/Stecla-News_edicao-04.jpg 1080w\" sizes=\"(max-width: 212px) 100vw, 212px\" \/><div class=\"gallery-item-caption-wrap card-hover-bg caption-style-hoverer\">\n                            <div class=\"gallery-item-buttons\"><a area-hidden=\"true\" aria-label=\"eael-magnific-link\" href=\"https:\/\/stecla.com.br\/wp-content\/uploads\/2024\/02\/Stecla-News_edicao-04.jpg\" class=\"eael-magnific-link eael-magnific-link-clone active\" data-elementor-open-lightbox=\"yes\" title=\"\"><span class=\"fg-item-icon-inner\"><i class=\"fas fa-search-plus\" aria-hidden=\"true\"><\/i><\/span>\n            <\/a><\/div>\n                        <\/div><\/div><div class=\"gallery-item-caption-wrap caption-style-card\"><div class=\"gallery-item-caption-over\"><h2 class=\"fg-item-title\">Edition 004 | June 2023<\/h2><div class=\"fg-item-content\"><p>In this issue, you will see how we have incorporated the concept of wellbeing into our organizational culture.<\/p>\n<\/div><\/div><\/div><\/div><\/div><div class=\"eael-filterable-gallery-item-wrap eael-cf-2023\">\n\t\t\t\t<div class=\"eael-gallery-grid-item\"><div class=\"gallery-item-thumbnail-wrap\"><img loading=\"lazy\" decoding=\"async\" width=\"212\" height=\"300\" src=\"https:\/\/stecla.com.br\/wp-content\/uploads\/2024\/02\/Stecla-News_edicao-05-212x300.jpg\" class=\"attachment-medium size-medium wp-image-4197\" alt=\"\" srcset=\"https:\/\/stecla.com.br\/wp-content\/uploads\/2024\/02\/Stecla-News_edicao-05-212x300.jpg 212w, https:\/\/stecla.com.br\/wp-content\/uploads\/2024\/02\/Stecla-News_edicao-05-724x1024.jpg 724w, https:\/\/stecla.com.br\/wp-content\/uploads\/2024\/02\/Stecla-News_edicao-05-768x1086.jpg 768w, https:\/\/stecla.com.br\/wp-content\/uploads\/2024\/02\/Stecla-News_edicao-05.jpg 1080w\" sizes=\"(max-width: 212px) 100vw, 212px\" \/><div class=\"gallery-item-caption-wrap card-hover-bg caption-style-hoverer\">\n                            <div class=\"gallery-item-buttons\"><a area-hidden=\"true\" aria-label=\"eael-magnific-link\" href=\"https:\/\/stecla.com.br\/wp-content\/uploads\/2024\/02\/Stecla-News_edicao-05.jpg\" class=\"eael-magnific-link eael-magnific-link-clone active\" data-elementor-open-lightbox=\"yes\" title=\"\"><span class=\"fg-item-icon-inner\"><i class=\"fas fa-search-plus\" aria-hidden=\"true\"><\/i><\/span>\n            <\/a><\/div>\n                        <\/div><\/div><div class=\"gallery-item-caption-wrap caption-style-card\"><div class=\"gallery-item-caption-over\"><h2 class=\"fg-item-title\">Edition 005 | September 2023<\/h2><div class=\"fg-item-content\"><p>In this issue, you'll learn some strategies for practicing good mental health every day and you'll learn some spoilers from two competitions we won.<\/p>\n<\/div><\/div><\/div><\/div><\/div>        <\/div>\n                <\/div>\n        \n        \t\t\t\t<\/div>\n\t\t\t\t<\/div>\n\t\t\t\t\t<\/div>\n\t\t\t\t<\/div>\n\t\t\t\t<\/div>","protected":false},"excerpt":{"rendered":"<p>Stecla News As principais not\u00edcias, novidades, informa\u00e7\u00f5es e destaques do ano est\u00e3o aqui! Todos 2023 Edi\u00e7\u00e3o 001 | Fevereiro 2023 Para esta primeira edi\u00e7\u00e3o, o destaque \u00e9 uma parceria que nos enche de orgulho: Botic\u00e1rio &amp; Stecla. Edi\u00e7\u00e3o 002 | Abril 2023 Nesta edi\u00e7\u00e3o, destacamos nossa parceria com uma grande empresa do setor automobil\u00edstico, a [&hellip;]<\/p>\n","protected":false},"author":1,"featured_media":0,"parent":0,"menu_order":0,"comment_status":"closed","ping_status":"closed","template":"elementor_header_footer","meta":{"footnotes":""},"class_list":["post-2937","page","type-page","status-publish","hentry"],"_links":{"self":[{"href":"https:\/\/stecla.com.br\/en\/wp-json\/wp\/v2\/pages\/2937","targetHints":{"allow":["GET"]}}],"collection":[{"href":"https:\/\/stecla.com.br\/en\/wp-json\/wp\/v2\/pages"}],"about":[{"href":"https:\/\/stecla.com.br\/en\/wp-json\/wp\/v2\/types\/page"}],"author":[{"embeddable":true,"href":"https:\/\/stecla.com.br\/en\/wp-json\/wp\/v2\/users\/1"}],"replies":[{"embeddable":true,"href":"https:\/\/stecla.com.br\/en\/wp-json\/wp\/v2\/comments?post=2937"}],"version-history":[{"count":88,"href":"https:\/\/stecla.com.br\/en\/wp-json\/wp\/v2\/pages\/2937\/revisions"}],"predecessor-version":[{"id":4297,"href":"https:\/\/stecla.com.br\/en\/wp-json\/wp\/v2\/pages\/2937\/revisions\/4297"}],"wp:attachment":[{"href":"https:\/\/stecla.com.br\/en\/wp-json\/wp\/v2\/media?parent=2937"}],"curies":[{"name":"wp","href":"https:\/\/api.w.org\/{rel}","templated":true}]}}